{"id":230007,"date":"2022-08-23T12:43:37","date_gmt":"2022-08-23T10:43:37","guid":{"rendered":"https:\/\/www.regaplat.es\/ventas\/?post_type=product&#038;p=230007"},"modified":"2023-11-06T10:35:20","modified_gmt":"2023-11-06T09:35:20","slug":"mastiles-y-espolones","status":"publish","type":"product","link":"https:\/\/www.regaplat.es\/ventas\/producto\/mastiles-y-espolones\/","title":{"rendered":"M\u00e1stiles y espolones"},"content":{"rendered":"","protected":false},"excerpt":{"rendered":"<h6>Los m\u00e1stiles y espolones son piezas clave para el traslado de cargas de gran tama\u00f1o y peso. En Regaplat nos encargamos de buscar y poner a tu disposici\u00f3n este tipo de recambios.<\/h6>\n<ul>\n<li>Desplazadores laterales, recambios<\/li>\n<li>Espolones<\/li>\n<li>Cadenas, mantenimiento, reparaci\u00f3n y funcionamiento de cadenas<\/li>\n<li>Horquillas: calibrador, recambios, protecci\u00f3n de horquillas, protecci\u00f3n de carga, kit de c\u00e1mara para horquilla, tableros porta-horquillas, horquillas CAM attachments, extensiones de horquilla CAM attachments, indicadores de nivel de horquilla<\/li>\n<li>Carretes<\/li>\n<li>M\u00e1stil<\/li>\n<li>Consumibles, accesorios<\/li>\n<\/ul>\n","protected":false},"featured_media":230114,"template":"","meta":{"_et_pb_use_builder":"","_et_pb_old_content":"","_et_gb_content_width":""},"product_cat":[105],"product_tag":[],"yoast_head":"<!-- This site is optimized with the Yoast SEO plugin v19.7.1 - https:\/\/yoast.com\/wordpress\/plugins\/seo\/ -->\n<title>M\u00e1stiles y espolones - Regaplat<\/title>\n<meta name=\"description\" content=\"Recambios para maquinaria y los mejores productos de segunda mano reacondicionados como reci\u00e9n salidos de f\u00e1brica.\" \/>\n<meta name=\"robots\" content=\"index, follow, max-snippet:-1, max-image-preview:large, max-video-preview:-1\" \/>\n<link rel=\"canonical\" href=\"https:\/\/www.regaplat.es\/ventas\/producto\/mastiles-y-espolones\/\" \/>\n<meta property=\"og:locale\" content=\"es_ES\" \/>\n<meta property=\"og:type\" content=\"article\" \/>\n<meta property=\"og:title\" content=\"M\u00e1stiles y espolones - Regaplat\" \/>\n<meta property=\"og:description\" content=\"Recambios para maquinaria y los mejores productos de segunda mano reacondicionados como reci\u00e9n salidos de f\u00e1brica.\" \/>\n<meta property=\"og:url\" content=\"https:\/\/www.regaplat.es\/ventas\/producto\/mastiles-y-espolones\/\" \/>\n<meta property=\"og:site_name\" content=\"Regaplat\" \/>\n<meta property=\"article:modified_time\" content=\"2023-11-06T09:35:20+00:00\" \/>\n<meta property=\"og:image\" content=\"https:\/\/www.regaplat.es\/ventas\/wp-content\/uploads\/2022\/08\/mastil-espolones.jpg\" \/>\n\t<meta property=\"og:image:width\" content=\"702\" \/>\n\t<meta property=\"og:image:height\" content=\"936\" \/>\n\t<meta property=\"og:image:type\" content=\"image\/jpeg\" \/>\n<meta name=\"twitter:card\" content=\"summary_large_image\" \/>\n<script type=\"application\/ld+json\" class=\"yoast-schema-graph\">{\"@context\":\"https:\/\/schema.org\",\"@graph\":[{\"@type\":\"WebPage\",\"@id\":\"https:\/\/www.regaplat.es\/ventas\/producto\/mastiles-y-espolones\/\",\"url\":\"https:\/\/www.regaplat.es\/ventas\/producto\/mastiles-y-espolones\/\",\"name\":\"M\u00e1stiles y espolones - Regaplat\",\"isPartOf\":{\"@id\":\"https:\/\/www.regaplat.es\/ventas\/#website\"},\"datePublished\":\"2022-08-23T10:43:37+00:00\",\"dateModified\":\"2023-11-06T09:35:20+00:00\",\"description\":\"Recambios para maquinaria y los mejores productos de segunda mano reacondicionados como reci\u00e9n salidos de f\u00e1brica.\",\"breadcrumb\":{\"@id\":\"https:\/\/www.regaplat.es\/ventas\/producto\/mastiles-y-espolones\/#breadcrumb\"},\"inLanguage\":\"es\",\"potentialAction\":[{\"@type\":\"ReadAction\",\"target\":[\"https:\/\/www.regaplat.es\/ventas\/producto\/mastiles-y-espolones\/\"]}]},{\"@type\":\"BreadcrumbList\",\"@id\":\"https:\/\/www.regaplat.es\/ventas\/producto\/mastiles-y-espolones\/#breadcrumb\",\"itemListElement\":[{\"@type\":\"ListItem\",\"position\":1,\"name\":\"Home\",\"item\":\"https:\/\/www.regaplat.es\/ventas\/\"},{\"@type\":\"ListItem\",\"position\":2,\"name\":\"Productos\",\"item\":\"https:\/\/www.regaplat.es\/ventas\/shop\/\"},{\"@type\":\"ListItem\",\"position\":3,\"name\":\"M\u00e1stiles y espolones\"}]},{\"@type\":\"WebSite\",\"@id\":\"https:\/\/www.regaplat.es\/ventas\/#website\",\"url\":\"https:\/\/www.regaplat.es\/ventas\/\",\"name\":\"Regaplat\",\"description\":\"\",\"potentialAction\":[{\"@type\":\"SearchAction\",\"target\":{\"@type\":\"EntryPoint\",\"urlTemplate\":\"https:\/\/www.regaplat.es\/ventas\/?s={search_term_string}\"},\"query-input\":\"required name=search_term_string\"}],\"inLanguage\":\"es\"}]}<\/script>\n<!-- \/ Yoast SEO plugin. -->","yoast_head_json":{"title":"M\u00e1stiles y espolones - Regaplat","description":"Recambios para maquinaria y los mejores productos de segunda mano reacondicionados como reci\u00e9n salidos de f\u00e1brica.","robots":{"index":"index","follow":"follow","max-snippet":"max-snippet:-1","max-image-preview":"max-image-preview:large","max-video-preview":"max-video-preview:-1"},"canonical":"https:\/\/www.regaplat.es\/ventas\/producto\/mastiles-y-espolones\/","og_locale":"es_ES","og_type":"article","og_title":"M\u00e1stiles y espolones - Regaplat","og_description":"Recambios para maquinaria y los mejores productos de segunda mano reacondicionados como reci\u00e9n salidos de f\u00e1brica.","og_url":"https:\/\/www.regaplat.es\/ventas\/producto\/mastiles-y-espolones\/","og_site_name":"Regaplat","article_modified_time":"2023-11-06T09:35:20+00:00","og_image":[{"width":702,"height":936,"url":"https:\/\/www.regaplat.es\/ventas\/wp-content\/uploads\/2022\/08\/mastil-espolones.jpg","type":"image\/jpeg"}],"twitter_card":"summary_large_image","schema":{"@context":"https:\/\/schema.org","@graph":[{"@type":"WebPage","@id":"https:\/\/www.regaplat.es\/ventas\/producto\/mastiles-y-espolones\/","url":"https:\/\/www.regaplat.es\/ventas\/producto\/mastiles-y-espolones\/","name":"M\u00e1stiles y espolones - Regaplat","isPartOf":{"@id":"https:\/\/www.regaplat.es\/ventas\/#website"},"datePublished":"2022-08-23T10:43:37+00:00","dateModified":"2023-11-06T09:35:20+00:00","description":"Recambios para maquinaria y los mejores productos de segunda mano reacondicionados como reci\u00e9n salidos de f\u00e1brica.","breadcrumb":{"@id":"https:\/\/www.regaplat.es\/ventas\/producto\/mastiles-y-espolones\/#breadcrumb"},"inLanguage":"es","potentialAction":[{"@type":"ReadAction","target":["https:\/\/www.regaplat.es\/ventas\/producto\/mastiles-y-espolones\/"]}]},{"@type":"BreadcrumbList","@id":"https:\/\/www.regaplat.es\/ventas\/producto\/mastiles-y-espolones\/#breadcrumb","itemListElement":[{"@type":"ListItem","position":1,"name":"Home","item":"https:\/\/www.regaplat.es\/ventas\/"},{"@type":"ListItem","position":2,"name":"Productos","item":"https:\/\/www.regaplat.es\/ventas\/shop\/"},{"@type":"ListItem","position":3,"name":"M\u00e1stiles y espolones"}]},{"@type":"WebSite","@id":"https:\/\/www.regaplat.es\/ventas\/#website","url":"https:\/\/www.regaplat.es\/ventas\/","name":"Regaplat","description":"","potentialAction":[{"@type":"SearchAction","target":{"@type":"EntryPoint","urlTemplate":"https:\/\/www.regaplat.es\/ventas\/?s={search_term_string}"},"query-input":"required name=search_term_string"}],"inLanguage":"es"}]}},"_links":{"self":[{"href":"https:\/\/www.regaplat.es\/ventas\/wp-json\/wp\/v2\/product\/230007"}],"collection":[{"href":"https:\/\/www.regaplat.es\/ventas\/wp-json\/wp\/v2\/product"}],"about":[{"href":"https:\/\/www.regaplat.es\/ventas\/wp-json\/wp\/v2\/types\/product"}],"wp:featuredmedia":[{"embeddable":true,"href":"https:\/\/www.regaplat.es\/ventas\/wp-json\/wp\/v2\/media\/230114"}],"wp:attachment":[{"href":"https:\/\/www.regaplat.es\/ventas\/wp-json\/wp\/v2\/media?parent=230007"}],"wp:term":[{"taxonomy":"product_cat","embeddable":true,"href":"https:\/\/www.regaplat.es\/ventas\/wp-json\/wp\/v2\/product_cat?post=230007"},{"taxonomy":"product_tag","embeddable":true,"href":"https:\/\/www.regaplat.es\/ventas\/wp-json\/wp\/v2\/product_tag?post=230007"}],"curies":[{"name":"wp","href":"https:\/\/api.w.org\/{rel}","templated":true}]}}