{"id":230005,"date":"2022-08-23T12:41:43","date_gmt":"2022-08-23T10:41:43","guid":{"rendered":"https:\/\/www.regaplat.es\/ventas\/?post_type=product&#038;p=230005"},"modified":"2023-11-06T10:36:25","modified_gmt":"2023-11-06T09:36:25","slug":"motor","status":"publish","type":"product","link":"https:\/\/www.regaplat.es\/ventas\/producto\/motor\/","title":{"rendered":"Motor"},"content":{"rendered":"","protected":false},"excerpt":{"rendered":"<h6>En Regaplat podr\u00e1s encontrar todos los repuestos para el motor de tu maquinaria. Nos comprometemos para encontrar los mejores recambios disponibles.<\/h6>\n<ul>\n<li>Escape<\/li>\n<li>Catalizador<\/li>\n<li>Combustible<\/li>\n<li>Filtros<\/li>\n<li>Consumibles<\/li>\n<li>Precalentamiento<\/li>\n<li>Ignici\u00f3n<\/li>\n<li>Alimentaci\u00f3n<\/li>\n<li>GLP<\/li>\n<\/ul>\n","protected":false},"featured_media":230116,"template":"","meta":{"_et_pb_use_builder":"off","_et_pb_old_content":"<p>Ofrecemos una gama \u00fanica de recambios reacondicionados al mejor precio. Los recambios reacondicionados se venden con la misma garant\u00eda que los recambios nuevos, \u00a1a un precio que puede ser hasta un 50% m\u00e1s barato! Motores el\u00e9ctricos, motores de combusti\u00f3n interna, placas de circuitos impresos, bombas hidr\u00e1ulicas, transmisiones, convertidores de par, radiadores, ejes de direcci\u00f3n, motores de arranque, alternadores... \u00a1todo est\u00e1 en stock! JM PARS ha invertido en una amplia gama de dispositivos para pruebas que nos permiten realizar estrictos controles de calidad de diversos repuestos. Las pruebas est\u00e1n dise\u00f1adas de tal manera que se genera una situaci\u00f3n de trabajo objetiva durante las pruebas.<\/p>","_et_gb_content_width":""},"product_cat":[105],"product_tag":[],"yoast_head":"<!-- This site is optimized with the Yoast SEO plugin v19.7.1 - https:\/\/yoast.com\/wordpress\/plugins\/seo\/ -->\n<title>Motor - Regaplat<\/title>\n<meta name=\"description\" content=\"Recambios para maquinaria y los mejores productos de segunda mano reacondicionados como reci\u00e9n salidos de f\u00e1brica.\" \/>\n<meta name=\"robots\" content=\"index, follow, max-snippet:-1, max-image-preview:large, max-video-preview:-1\" \/>\n<link rel=\"canonical\" href=\"https:\/\/www.regaplat.es\/ventas\/producto\/motor\/\" \/>\n<meta property=\"og:locale\" content=\"es_ES\" \/>\n<meta property=\"og:type\" content=\"article\" \/>\n<meta property=\"og:title\" content=\"Motor - Regaplat\" \/>\n<meta property=\"og:description\" content=\"Recambios para maquinaria y los mejores productos de segunda mano reacondicionados como reci\u00e9n salidos de f\u00e1brica.\" \/>\n<meta property=\"og:url\" content=\"https:\/\/www.regaplat.es\/ventas\/producto\/motor\/\" \/>\n<meta property=\"og:site_name\" content=\"Regaplat\" \/>\n<meta property=\"article:modified_time\" content=\"2023-11-06T09:36:25+00:00\" \/>\n<meta property=\"og:image\" content=\"https:\/\/www.regaplat.es\/ventas\/wp-content\/uploads\/2022\/08\/motor.jpg\" \/>\n\t<meta property=\"og:image:width\" content=\"702\" \/>\n\t<meta property=\"og:image:height\" content=\"936\" \/>\n\t<meta property=\"og:image:type\" content=\"image\/jpeg\" \/>\n<meta name=\"twitter:card\" content=\"summary_large_image\" \/>\n<script type=\"application\/ld+json\" class=\"yoast-schema-graph\">{\"@context\":\"https:\/\/schema.org\",\"@graph\":[{\"@type\":\"WebPage\",\"@id\":\"https:\/\/www.regaplat.es\/ventas\/producto\/motor\/\",\"url\":\"https:\/\/www.regaplat.es\/ventas\/producto\/motor\/\",\"name\":\"Motor - Regaplat\",\"isPartOf\":{\"@id\":\"https:\/\/www.regaplat.es\/ventas\/#website\"},\"datePublished\":\"2022-08-23T10:41:43+00:00\",\"dateModified\":\"2023-11-06T09:36:25+00:00\",\"description\":\"Recambios para maquinaria y los mejores productos de segunda mano reacondicionados como reci\u00e9n salidos de f\u00e1brica.\",\"breadcrumb\":{\"@id\":\"https:\/\/www.regaplat.es\/ventas\/producto\/motor\/#breadcrumb\"},\"inLanguage\":\"es\",\"potentialAction\":[{\"@type\":\"ReadAction\",\"target\":[\"https:\/\/www.regaplat.es\/ventas\/producto\/motor\/\"]}]},{\"@type\":\"BreadcrumbList\",\"@id\":\"https:\/\/www.regaplat.es\/ventas\/producto\/motor\/#breadcrumb\",\"itemListElement\":[{\"@type\":\"ListItem\",\"position\":1,\"name\":\"Home\",\"item\":\"https:\/\/www.regaplat.es\/ventas\/\"},{\"@type\":\"ListItem\",\"position\":2,\"name\":\"Productos\",\"item\":\"https:\/\/www.regaplat.es\/ventas\/shop\/\"},{\"@type\":\"ListItem\",\"position\":3,\"name\":\"Motor\"}]},{\"@type\":\"WebSite\",\"@id\":\"https:\/\/www.regaplat.es\/ventas\/#website\",\"url\":\"https:\/\/www.regaplat.es\/ventas\/\",\"name\":\"Regaplat\",\"description\":\"\",\"potentialAction\":[{\"@type\":\"SearchAction\",\"target\":{\"@type\":\"EntryPoint\",\"urlTemplate\":\"https:\/\/www.regaplat.es\/ventas\/?s={search_term_string}\"},\"query-input\":\"required name=search_term_string\"}],\"inLanguage\":\"es\"}]}<\/script>\n<!-- \/ Yoast SEO plugin. -->","yoast_head_json":{"title":"Motor - Regaplat","description":"Recambios para maquinaria y los mejores productos de segunda mano reacondicionados como reci\u00e9n salidos de f\u00e1brica.","robots":{"index":"index","follow":"follow","max-snippet":"max-snippet:-1","max-image-preview":"max-image-preview:large","max-video-preview":"max-video-preview:-1"},"canonical":"https:\/\/www.regaplat.es\/ventas\/producto\/motor\/","og_locale":"es_ES","og_type":"article","og_title":"Motor - Regaplat","og_description":"Recambios para maquinaria y los mejores productos de segunda mano reacondicionados como reci\u00e9n salidos de f\u00e1brica.","og_url":"https:\/\/www.regaplat.es\/ventas\/producto\/motor\/","og_site_name":"Regaplat","article_modified_time":"2023-11-06T09:36:25+00:00","og_image":[{"width":702,"height":936,"url":"https:\/\/www.regaplat.es\/ventas\/wp-content\/uploads\/2022\/08\/motor.jpg","type":"image\/jpeg"}],"twitter_card":"summary_large_image","schema":{"@context":"https:\/\/schema.org","@graph":[{"@type":"WebPage","@id":"https:\/\/www.regaplat.es\/ventas\/producto\/motor\/","url":"https:\/\/www.regaplat.es\/ventas\/producto\/motor\/","name":"Motor - Regaplat","isPartOf":{"@id":"https:\/\/www.regaplat.es\/ventas\/#website"},"datePublished":"2022-08-23T10:41:43+00:00","dateModified":"2023-11-06T09:36:25+00:00","description":"Recambios para maquinaria y los mejores productos de segunda mano reacondicionados como reci\u00e9n salidos de f\u00e1brica.","breadcrumb":{"@id":"https:\/\/www.regaplat.es\/ventas\/producto\/motor\/#breadcrumb"},"inLanguage":"es","potentialAction":[{"@type":"ReadAction","target":["https:\/\/www.regaplat.es\/ventas\/producto\/motor\/"]}]},{"@type":"BreadcrumbList","@id":"https:\/\/www.regaplat.es\/ventas\/producto\/motor\/#breadcrumb","itemListElement":[{"@type":"ListItem","position":1,"name":"Home","item":"https:\/\/www.regaplat.es\/ventas\/"},{"@type":"ListItem","position":2,"name":"Productos","item":"https:\/\/www.regaplat.es\/ventas\/shop\/"},{"@type":"ListItem","position":3,"name":"Motor"}]},{"@type":"WebSite","@id":"https:\/\/www.regaplat.es\/ventas\/#website","url":"https:\/\/www.regaplat.es\/ventas\/","name":"Regaplat","description":"","potentialAction":[{"@type":"SearchAction","target":{"@type":"EntryPoint","urlTemplate":"https:\/\/www.regaplat.es\/ventas\/?s={search_term_string}"},"query-input":"required name=search_term_string"}],"inLanguage":"es"}]}},"_links":{"self":[{"href":"https:\/\/www.regaplat.es\/ventas\/wp-json\/wp\/v2\/product\/230005"}],"collection":[{"href":"https:\/\/www.regaplat.es\/ventas\/wp-json\/wp\/v2\/product"}],"about":[{"href":"https:\/\/www.regaplat.es\/ventas\/wp-json\/wp\/v2\/types\/product"}],"wp:featuredmedia":[{"embeddable":true,"href":"https:\/\/www.regaplat.es\/ventas\/wp-json\/wp\/v2\/media\/230116"}],"wp:attachment":[{"href":"https:\/\/www.regaplat.es\/ventas\/wp-json\/wp\/v2\/media?parent=230005"}],"wp:term":[{"taxonomy":"product_cat","embeddable":true,"href":"https:\/\/www.regaplat.es\/ventas\/wp-json\/wp\/v2\/product_cat?post=230005"},{"taxonomy":"product_tag","embeddable":true,"href":"https:\/\/www.regaplat.es\/ventas\/wp-json\/wp\/v2\/product_tag?post=230005"}],"curies":[{"name":"wp","href":"https:\/\/api.w.org\/{rel}","templated":true}]}}